{"id":995,"date":"2023-05-02T12:22:10","date_gmt":"2023-05-02T10:22:10","guid":{"rendered":"https:\/\/panieresolidale.santodeimiracoli.org\/donation-pour-dautres-oeuvres-de-charite\/"},"modified":"2025-08-25T12:12:13","modified_gmt":"2025-08-25T10:12:13","slug":"donation-pour-dautres-oeuvres-de-charite","status":"publish","type":"product","link":"https:\/\/panieresolidale.santodeimiracoli.org\/fr\/donation-pour-dautres-oeuvres-de-charite\/","title":{"rendered":"Donation pour d\u2019autres \u0153uvres de charit\u00e9"},"content":{"rendered":"","protected":false},"excerpt":{"rendered":"<p>Chaque don est un geste d\u2019attention \u00e0 l\u2019\u00e9gard de ceux qui vivent dans la pr\u00e9carit\u00e9 \u00e9conomique, des enfants sans famille, des personnes \u00e2g\u00e9es et des malades d\u2019Alzheimer, des religieuses clo\u00eetr\u00e9es qui prient pour les membres de l\u2019Association ; il soutient la r\u00e9insertion sociale des prisonniers en fin de peine, des micro-projets dans les pays en voie de d\u00e9veloppement, les \u00e9tudiants en religion en difficult\u00e9 financi\u00e8re.<\/p>\n","protected":false},"featured_media":3319,"comment_status":"closed","ping_status":"closed","template":"","meta":[],"product_cat":[70],"product_tag":[],"_links":{"self":[{"href":"https:\/\/panieresolidale.santodeimiracoli.org\/fr\/wp-json\/wp\/v2\/product\/995"}],"collection":[{"href":"https:\/\/panieresolidale.santodeimiracoli.org\/fr\/wp-json\/wp\/v2\/product"}],"about":[{"href":"https:\/\/panieresolidale.santodeimiracoli.org\/fr\/wp-json\/wp\/v2\/types\/product"}],"replies":[{"embeddable":true,"href":"https:\/\/panieresolidale.santodeimiracoli.org\/fr\/wp-json\/wp\/v2\/comments?post=995"}],"wp:featuredmedia":[{"embeddable":true,"href":"https:\/\/panieresolidale.santodeimiracoli.org\/fr\/wp-json\/wp\/v2\/media\/3319"}],"wp:attachment":[{"href":"https:\/\/panieresolidale.santodeimiracoli.org\/fr\/wp-json\/wp\/v2\/media?parent=995"}],"wp:term":[{"taxonomy":"product_cat","embeddable":true,"href":"https:\/\/panieresolidale.santodeimiracoli.org\/fr\/wp-json\/wp\/v2\/product_cat?post=995"},{"taxonomy":"product_tag","embeddable":true,"href":"https:\/\/panieresolidale.santodeimiracoli.org\/fr\/wp-json\/wp\/v2\/product_tag?post=995"}],"curies":[{"name":"wp","href":"https:\/\/api.w.org\/{rel}","templated":true}]}}