{"id":992,"date":"2023-04-20T11:26:28","date_gmt":"2023-04-20T09:26:28","guid":{"rendered":"https:\/\/panieresolidale.santodeimiracoli.org\/messes-quotidiennes-pour-les-defunts\/"},"modified":"2025-09-26T16:06:36","modified_gmt":"2025-09-26T14:06:36","slug":"messes-quotidiennes-pour-les-defunts","status":"publish","type":"product","link":"https:\/\/panieresolidale.santodeimiracoli.org\/fr\/messes-quotidiennes-pour-les-defunts\/","title":{"rendered":"Messes Quotidiennes pour les d\u00e9funts"},"content":{"rendered":"","protected":false},"excerpt":{"rendered":"<p>Il est possible de faire comm\u00e9morer vos d\u00e9funts chaque jour de l\u2019ann\u00e9e lors de la c\u00e9l\u00e9bration quotidienne de la Sainte Messe, m\u00eame s\u2019ils n\u2019\u00e9taient pas membres de l\u2019Association. La demande peut \u00e9galement \u00eatre faite de son vivant, \u00e9tant entendu que les messes de suffrage auront lieu apr\u00e8s le d\u00e9c\u00e8s.<\/p>\n","protected":false},"featured_media":634,"comment_status":"closed","ping_status":"closed","template":"","meta":[],"product_cat":[68],"product_tag":[],"_links":{"self":[{"href":"https:\/\/panieresolidale.santodeimiracoli.org\/fr\/wp-json\/wp\/v2\/product\/992"}],"collection":[{"href":"https:\/\/panieresolidale.santodeimiracoli.org\/fr\/wp-json\/wp\/v2\/product"}],"about":[{"href":"https:\/\/panieresolidale.santodeimiracoli.org\/fr\/wp-json\/wp\/v2\/types\/product"}],"replies":[{"embeddable":true,"href":"https:\/\/panieresolidale.santodeimiracoli.org\/fr\/wp-json\/wp\/v2\/comments?post=992"}],"wp:featuredmedia":[{"embeddable":true,"href":"https:\/\/panieresolidale.santodeimiracoli.org\/fr\/wp-json\/wp\/v2\/media\/634"}],"wp:attachment":[{"href":"https:\/\/panieresolidale.santodeimiracoli.org\/fr\/wp-json\/wp\/v2\/media?parent=992"}],"wp:term":[{"taxonomy":"product_cat","embeddable":true,"href":"https:\/\/panieresolidale.santodeimiracoli.org\/fr\/wp-json\/wp\/v2\/product_cat?post=992"},{"taxonomy":"product_tag","embeddable":true,"href":"https:\/\/panieresolidale.santodeimiracoli.org\/fr\/wp-json\/wp\/v2\/product_tag?post=992"}],"curies":[{"name":"wp","href":"https:\/\/api.w.org\/{rel}","templated":true}]}}