{"id":990,"date":"2023-04-20T11:27:28","date_gmt":"2023-04-20T09:27:28","guid":{"rendered":"https:\/\/panieresolidale.santodeimiracoli.org\/confier-les-enfants-a-saint-antoine\/"},"modified":"2024-07-30T15:30:48","modified_gmt":"2024-07-30T13:30:48","slug":"confier-les-enfants-a-saint-antoine","status":"publish","type":"product","link":"https:\/\/panieresolidale.santodeimiracoli.org\/fr\/confier-les-enfants-a-saint-antoine\/","title":{"rendered":"Confier les enfants \u00e0 Saint Antoine"},"content":{"rendered":"","protected":false},"excerpt":{"rendered":"<p>Confiez vos enfants ou petits-enfants \u00e0 Saint Antoine, en les pla\u00e7ant sous sa protection sp\u00e9ciale. Des Messes sont r\u00e9guli\u00e8rement c\u00e9l\u00e9br\u00e9es \u00e0 leur intention au Tombeau de Saint Antoine. Les enfants re\u00e7oivent un collier avec une m\u00e9daille repr\u00e9sentant Saint Antoine avec l&rsquo;enfant J\u00e9sus et un certificat, avec l&rsquo;engagement de r\u00e9citer une pri\u00e8re au Saint. Sur demande, une photo de l\u2019enfant peut \u00eatre publi\u00e9e dans <em>Il Santo dei Miracoli<\/em>, l&rsquo;\u00e9dition italienne de notre revue.<\/p>\n","protected":false},"featured_media":616,"comment_status":"open","ping_status":"closed","template":"","meta":[],"product_cat":[66],"product_tag":[],"_links":{"self":[{"href":"https:\/\/panieresolidale.santodeimiracoli.org\/fr\/wp-json\/wp\/v2\/product\/990"}],"collection":[{"href":"https:\/\/panieresolidale.santodeimiracoli.org\/fr\/wp-json\/wp\/v2\/product"}],"about":[{"href":"https:\/\/panieresolidale.santodeimiracoli.org\/fr\/wp-json\/wp\/v2\/types\/product"}],"replies":[{"embeddable":true,"href":"https:\/\/panieresolidale.santodeimiracoli.org\/fr\/wp-json\/wp\/v2\/comments?post=990"}],"wp:featuredmedia":[{"embeddable":true,"href":"https:\/\/panieresolidale.santodeimiracoli.org\/fr\/wp-json\/wp\/v2\/media\/616"}],"wp:attachment":[{"href":"https:\/\/panieresolidale.santodeimiracoli.org\/fr\/wp-json\/wp\/v2\/media?parent=990"}],"wp:term":[{"taxonomy":"product_cat","embeddable":true,"href":"https:\/\/panieresolidale.santodeimiracoli.org\/fr\/wp-json\/wp\/v2\/product_cat?post=990"},{"taxonomy":"product_tag","embeddable":true,"href":"https:\/\/panieresolidale.santodeimiracoli.org\/fr\/wp-json\/wp\/v2\/product_tag?post=990"}],"curies":[{"name":"wp","href":"https:\/\/api.w.org\/{rel}","templated":true}]}}