{"id":987,"date":"2023-05-02T12:27:02","date_gmt":"2023-05-02T10:27:02","guid":{"rendered":"https:\/\/panieresolidale.santodeimiracoli.org\/anniversaires\/"},"modified":"2024-07-30T12:20:14","modified_gmt":"2024-07-30T10:20:14","slug":"anniversaires","status":"publish","type":"product","link":"https:\/\/panieresolidale.santodeimiracoli.org\/fr\/anniversaires\/","title":{"rendered":"Anniversaires"},"content":{"rendered":"","protected":false},"excerpt":{"rendered":"<p>Pour comm\u00e9morer les anniversaires, les jours importants et les occasions sp\u00e9ciales, demandez le parchemin avec la b\u00e9n\u00e9diction, pour vos intentions ou comme cadeau pour un \u00eatre cher.<\/p>\n","protected":false},"featured_media":642,"comment_status":"closed","ping_status":"closed","template":"","meta":[],"product_cat":[61],"product_tag":[],"_links":{"self":[{"href":"https:\/\/panieresolidale.santodeimiracoli.org\/fr\/wp-json\/wp\/v2\/product\/987"}],"collection":[{"href":"https:\/\/panieresolidale.santodeimiracoli.org\/fr\/wp-json\/wp\/v2\/product"}],"about":[{"href":"https:\/\/panieresolidale.santodeimiracoli.org\/fr\/wp-json\/wp\/v2\/types\/product"}],"replies":[{"embeddable":true,"href":"https:\/\/panieresolidale.santodeimiracoli.org\/fr\/wp-json\/wp\/v2\/comments?post=987"}],"wp:featuredmedia":[{"embeddable":true,"href":"https:\/\/panieresolidale.santodeimiracoli.org\/fr\/wp-json\/wp\/v2\/media\/642"}],"wp:attachment":[{"href":"https:\/\/panieresolidale.santodeimiracoli.org\/fr\/wp-json\/wp\/v2\/media?parent=987"}],"wp:term":[{"taxonomy":"product_cat","embeddable":true,"href":"https:\/\/panieresolidale.santodeimiracoli.org\/fr\/wp-json\/wp\/v2\/product_cat?post=987"},{"taxonomy":"product_tag","embeddable":true,"href":"https:\/\/panieresolidale.santodeimiracoli.org\/fr\/wp-json\/wp\/v2\/product_tag?post=987"}],"curies":[{"name":"wp","href":"https:\/\/api.w.org\/{rel}","templated":true}]}}