{"id":976,"date":"2023-04-20T11:27:05","date_gmt":"2023-04-20T09:27:05","guid":{"rendered":"https:\/\/panieresolidale.santodeimiracoli.org\/messes-gregoriennes\/"},"modified":"2024-10-23T13:30:05","modified_gmt":"2024-10-23T11:30:05","slug":"messes-gregoriennes","status":"publish","type":"product","link":"https:\/\/panieresolidale.santodeimiracoli.org\/fr\/messes-gregoriennes\/","title":{"rendered":"Messes Gr\u00e9goriennes"},"content":{"rendered":"","protected":false},"excerpt":{"rendered":"<p>Souvenez-vous de vos proches d\u00e9funts avec la c\u00e9l\u00e9bration de 30 Messes cons\u00e9cutives par le m\u00eame pr\u00eatre. La date du d\u00e9but du cycle des messes sera communiqu\u00e9e par lettre.<\/p>\n","protected":false},"featured_media":640,"comment_status":"closed","ping_status":"closed","template":"","meta":[],"product_cat":[68],"product_tag":[],"_links":{"self":[{"href":"https:\/\/panieresolidale.santodeimiracoli.org\/fr\/wp-json\/wp\/v2\/product\/976"}],"collection":[{"href":"https:\/\/panieresolidale.santodeimiracoli.org\/fr\/wp-json\/wp\/v2\/product"}],"about":[{"href":"https:\/\/panieresolidale.santodeimiracoli.org\/fr\/wp-json\/wp\/v2\/types\/product"}],"replies":[{"embeddable":true,"href":"https:\/\/panieresolidale.santodeimiracoli.org\/fr\/wp-json\/wp\/v2\/comments?post=976"}],"wp:featuredmedia":[{"embeddable":true,"href":"https:\/\/panieresolidale.santodeimiracoli.org\/fr\/wp-json\/wp\/v2\/media\/640"}],"wp:attachment":[{"href":"https:\/\/panieresolidale.santodeimiracoli.org\/fr\/wp-json\/wp\/v2\/media?parent=976"}],"wp:term":[{"taxonomy":"product_cat","embeddable":true,"href":"https:\/\/panieresolidale.santodeimiracoli.org\/fr\/wp-json\/wp\/v2\/product_cat?post=976"},{"taxonomy":"product_tag","embeddable":true,"href":"https:\/\/panieresolidale.santodeimiracoli.org\/fr\/wp-json\/wp\/v2\/product_tag?post=976"}],"curies":[{"name":"wp","href":"https:\/\/api.w.org\/{rel}","templated":true}]}}