{"id":974,"date":"2023-05-08T10:55:26","date_gmt":"2023-05-08T08:55:26","guid":{"rendered":"https:\/\/panieresolidale.santodeimiracoli.org\/messes-a-vos-intentions\/"},"modified":"2024-10-23T13:20:12","modified_gmt":"2024-10-23T11:20:12","slug":"messes-a-vos-intentions","status":"publish","type":"product","link":"https:\/\/panieresolidale.santodeimiracoli.org\/fr\/messes-a-vos-intentions\/","title":{"rendered":"Messes \u00e0 vos intentions"},"content":{"rendered":"","protected":false},"excerpt":{"rendered":"<p>Pr\u00e9sentez vos intentions et demandes particuli\u00e8res au Seigneur lors de la c\u00e9l\u00e9bration de l\u2019Eucharistie, par l\u2019intercession de Saint Antoine.<\/p>\n","protected":false},"featured_media":638,"comment_status":"closed","ping_status":"closed","template":"","meta":[],"product_cat":[68],"product_tag":[],"_links":{"self":[{"href":"https:\/\/panieresolidale.santodeimiracoli.org\/fr\/wp-json\/wp\/v2\/product\/974"}],"collection":[{"href":"https:\/\/panieresolidale.santodeimiracoli.org\/fr\/wp-json\/wp\/v2\/product"}],"about":[{"href":"https:\/\/panieresolidale.santodeimiracoli.org\/fr\/wp-json\/wp\/v2\/types\/product"}],"replies":[{"embeddable":true,"href":"https:\/\/panieresolidale.santodeimiracoli.org\/fr\/wp-json\/wp\/v2\/comments?post=974"}],"wp:featuredmedia":[{"embeddable":true,"href":"https:\/\/panieresolidale.santodeimiracoli.org\/fr\/wp-json\/wp\/v2\/media\/638"}],"wp:attachment":[{"href":"https:\/\/panieresolidale.santodeimiracoli.org\/fr\/wp-json\/wp\/v2\/media?parent=974"}],"wp:term":[{"taxonomy":"product_cat","embeddable":true,"href":"https:\/\/panieresolidale.santodeimiracoli.org\/fr\/wp-json\/wp\/v2\/product_cat?post=974"},{"taxonomy":"product_tag","embeddable":true,"href":"https:\/\/panieresolidale.santodeimiracoli.org\/fr\/wp-json\/wp\/v2\/product_tag?post=974"}],"curies":[{"name":"wp","href":"https:\/\/api.w.org\/{rel}","templated":true}]}}