{"id":969,"date":"2023-04-20T11:24:52","date_gmt":"2023-04-20T09:24:52","guid":{"rendered":"https:\/\/panieresolidale.santodeimiracoli.org\/financement-des-cheques-repas-scolaires\/"},"modified":"2024-11-05T13:14:53","modified_gmt":"2024-11-05T12:14:53","slug":"financement-des-cheques-repas-scolaires","status":"publish","type":"product","link":"https:\/\/panieresolidale.santodeimiracoli.org\/fr\/financement-des-cheques-repas-scolaires\/","title":{"rendered":"Financement des ch\u00e8ques-repas scolaires"},"content":{"rendered":"","protected":false},"excerpt":{"rendered":"<p>Le don d\u2019un ch\u00e8que-repas \u00e0 un enfant en \u00e2ge de scolarit\u00e9 obligatoire lui permet de rester avec ses camarades de classe et de b\u00e9n\u00e9ficier d\u2019un repas sain, tout en soutenant les familles en difficult\u00e9.<\/p>\n","protected":false},"featured_media":618,"comment_status":"closed","ping_status":"closed","template":"","meta":[],"product_cat":[70],"product_tag":[],"_links":{"self":[{"href":"https:\/\/panieresolidale.santodeimiracoli.org\/fr\/wp-json\/wp\/v2\/product\/969"}],"collection":[{"href":"https:\/\/panieresolidale.santodeimiracoli.org\/fr\/wp-json\/wp\/v2\/product"}],"about":[{"href":"https:\/\/panieresolidale.santodeimiracoli.org\/fr\/wp-json\/wp\/v2\/types\/product"}],"replies":[{"embeddable":true,"href":"https:\/\/panieresolidale.santodeimiracoli.org\/fr\/wp-json\/wp\/v2\/comments?post=969"}],"wp:featuredmedia":[{"embeddable":true,"href":"https:\/\/panieresolidale.santodeimiracoli.org\/fr\/wp-json\/wp\/v2\/media\/618"}],"wp:attachment":[{"href":"https:\/\/panieresolidale.santodeimiracoli.org\/fr\/wp-json\/wp\/v2\/media?parent=969"}],"wp:term":[{"taxonomy":"product_cat","embeddable":true,"href":"https:\/\/panieresolidale.santodeimiracoli.org\/fr\/wp-json\/wp\/v2\/product_cat?post=969"},{"taxonomy":"product_tag","embeddable":true,"href":"https:\/\/panieresolidale.santodeimiracoli.org\/fr\/wp-json\/wp\/v2\/product_tag?post=969"}],"curies":[{"name":"wp","href":"https:\/\/api.w.org\/{rel}","templated":true}]}}