{"id":942,"date":"2023-05-02T12:17:04","date_gmt":"2023-05-02T10:17:04","guid":{"rendered":"https:\/\/panieresolidale.santodeimiracoli.org\/offrez-notre-revue-a-un-ami\/"},"modified":"2024-11-05T13:32:33","modified_gmt":"2024-11-05T12:32:33","slug":"offrez-notre-revue-a-un-ami","status":"publish","type":"product","link":"https:\/\/panieresolidale.santodeimiracoli.org\/fr\/offrez-notre-revue-a-un-ami\/","title":{"rendered":"Offrez notre revue \u00e0 un ami pour une ann\u00e9e"},"content":{"rendered":"","protected":false},"excerpt":{"rendered":"<p><em>Le Saint aux Miracles<\/em> est la premi\u00e8re revue antonienne et la voix de l\u2019Association depuis 1888. Elle unit tous les adh\u00e9rents dans un lien spirituel et formatif, diffusant le message chr\u00e9tien et les valeurs qui ont inspir\u00e9 les paroles et les \u0153uvres de Saint Antoine.<\/p>\n","protected":false},"featured_media":1326,"comment_status":"open","ping_status":"closed","template":"","meta":[],"product_cat":[64],"product_tag":[],"_links":{"self":[{"href":"https:\/\/panieresolidale.santodeimiracoli.org\/fr\/wp-json\/wp\/v2\/product\/942"}],"collection":[{"href":"https:\/\/panieresolidale.santodeimiracoli.org\/fr\/wp-json\/wp\/v2\/product"}],"about":[{"href":"https:\/\/panieresolidale.santodeimiracoli.org\/fr\/wp-json\/wp\/v2\/types\/product"}],"replies":[{"embeddable":true,"href":"https:\/\/panieresolidale.santodeimiracoli.org\/fr\/wp-json\/wp\/v2\/comments?post=942"}],"wp:featuredmedia":[{"embeddable":true,"href":"https:\/\/panieresolidale.santodeimiracoli.org\/fr\/wp-json\/wp\/v2\/media\/1326"}],"wp:attachment":[{"href":"https:\/\/panieresolidale.santodeimiracoli.org\/fr\/wp-json\/wp\/v2\/media?parent=942"}],"wp:term":[{"taxonomy":"product_cat","embeddable":true,"href":"https:\/\/panieresolidale.santodeimiracoli.org\/fr\/wp-json\/wp\/v2\/product_cat?post=942"},{"taxonomy":"product_tag","embeddable":true,"href":"https:\/\/panieresolidale.santodeimiracoli.org\/fr\/wp-json\/wp\/v2\/product_tag?post=942"}],"curies":[{"name":"wp","href":"https:\/\/api.w.org\/{rel}","templated":true}]}}